{"id":2,"date":"2026-04-16T06:20:27","date_gmt":"2026-04-16T06:20:27","guid":{"rendered":"http:\/\/taihitclub.moe\/?page_id=2"},"modified":"2026-04-16T09:08:58","modified_gmt":"2026-04-16T09:08:58","slug":"sample-page","status":"publish","type":"page","link":"https:\/\/taihitclub.moe\/","title":{"rendered":"HITCLUB \u2013 Link V\u00e0o Hitclub Ch\u00ednh Th\u1ee9c 2026 | \u0110\u0103ng K\u00fd &amp; \u0110\u0103ng Nh\u1eadp"},"content":{"rendered":"\n\n\t<section class=\"section\" id=\"section_615534687\">\n\t\t<div class=\"section-bg fill\" >\n\t\t\t\t\t\t\t\t\t\n\t\t\t\n\n\t\t<\/div>\n\n\t\t\n\n\t\t<div class=\"section-content relative\">\n\t\t\t\n\n<div class=\"row\"  id=\"row-933654691\">\n\n\n\t<div id=\"col-31566267\" class=\"col small-12 large-12\"  >\n\t\t\t\t<div class=\"col-inner\"  >\n\t\t\t\n\t\t\t\n\n<div class=\"container section-title-container\" ><h1 class=\"section-title section-title-center\"><b><\/b><span class=\"section-title-main\" >HITCLUB \u2013 Link V\u00e0o Hitclub Ch\u00ednh Th\u1ee9c 2026 | \u0110\u0103ng K\u00fd V\u00e0 \u0110\u0103ng Nh\u1eadp<\/span><b><\/b><\/h1><\/div>\n\n<p><span style=\"font-weight: 400;\"><a href=\"https:\/\/taihitclub.moe\/\"><strong>Hitclub<\/strong><\/a> l\u00e0 n\u1ec1n t\u1ea3ng gi\u1ea3i tr\u00ed tr\u1ef1c tuy\u1ebfn \u0111ang thu h\u00fat \u0111\u00f4ng \u0111\u1ea3o ng\u01b0\u1eddi ch\u01a1i trong n\u0103m 2026 nh\u1edd h\u1ec7 sinh th\u00e1i \u0111a d\u1ea1ng, giao di\u1ec7n hi\u1ec7n \u0111\u1ea1i v\u00e0 d\u1ecbch v\u1ee5 chuy\u00ean nghi\u1ec7p. T\u1ea1i \u0111\u00e2y, ng\u01b0\u1eddi d\u00f9ng c\u00f3 th\u1ec3 tr\u1ea3i nghi\u1ec7m t\u1eeb c\u00e1 c\u01b0\u1ee3c th\u1ec3 thao, casino \u0111\u1ebfn b\u1eafn c\u00e1, t\u1ea5t c\u1ea3 \u0111\u1ec1u \u0111\u01b0\u1ee3c t\u1ed1i \u01b0u m\u01b0\u1ee3t m\u00e0 v\u00e0 an to\u00e0n. N\u1ebfu b\u1ea1n \u0111ang t\u00ecm ki\u1ebfm link v\u00e0o Hitclub ch\u00ednh th\u1ee9c c\u00f9ng h\u01b0\u1edbng d\u1eabn \u0111\u0103ng k\u00fd, \u0111\u0103ng nh\u1eadp nhanh ch\u00f3ng, b\u00e0i vi\u1ebft n\u00e0y s\u1ebd cung c\u1ea5p \u0111\u1ea7y \u0111\u1ee7 th\u00f4ng tin c\u1ea7n thi\u1ebft.<\/span><\/p>\n<h2><b>T\u1ed5ng quan v\u1ec1 s\u00e2n ch\u01a1i uy t\u00edn Hitclub tr\u1ef1c tuy\u1ebfn<\/b><\/h2>\n<p><span style=\"font-weight: 400;\">Hitclub l\u00e0 m\u1ed9t trong nh\u1eefng n\u1ec1n t\u1ea3ng gi\u1ea3i tr\u00ed tr\u1ef1c tuy\u1ebfn \u0111\u01b0\u1ee3c \u0111\u00f4ng \u0111\u1ea3o ng\u01b0\u1eddi ch\u01a1i l\u1ef1a ch\u1ecdn trong n\u0103m 2026. V\u1edbi h\u1ec7 th\u1ed1ng tr\u00f2 ch\u01a1i \u0111a d\u1ea1ng, giao di\u1ec7n hi\u1ec7n \u0111\u1ea1i c\u00f9ng c\u01a1 ch\u1ebf v\u1eadn h\u00e0nh \u1ed5n \u0111\u1ecbnh, Hitclub mang \u0111\u1ebfn tr\u1ea3i nghi\u1ec7m m\u01b0\u1ee3t m\u00e0 v\u00e0 an to\u00e0n cho m\u1ecdi ng\u01b0\u1eddi d\u00f9ng.<\/span><\/p>\n<p><span style=\"font-weight: 400;\">Kh\u00f4ng ch\u1ec9 d\u1eebng l\u1ea1i \u1edf vi\u1ec7c cung c\u1ea5p tr\u00f2 ch\u01a1i, Hitclub c\u00f2n ch\u00fa tr\u1ecdng v\u00e0o ch\u1ea5t l\u01b0\u1ee3ng d\u1ecbch v\u1ee5, gi\u00fap ng\u01b0\u1eddi ch\u01a1i y\u00ean t\u00e2m tham gia l\u00e2u d\u00e0i.<\/span><\/p>\n<h3><b>Tr\u1ee5 s\u1edf ch\u00ednh c\u1ee7a Hitclub n\u1eb1m \u1edf \u0111\u00e2u?<\/b><\/h3>\n<p><span style=\"font-weight: 400;\">Hitclub ho\u1ea1t \u0111\u1ed9ng d\u01b0\u1edbi s\u1ef1 qu\u1ea3n l\u00fd c\u1ee7a t\u1ed5 ch\u1ee9c qu\u1ed1c t\u1ebf, c\u00f3 gi\u1ea5y ph\u00e9p kinh doanh h\u1ee3p ph\u00e1p trong l\u0129nh v\u1ef1c gi\u1ea3i tr\u00ed tr\u1ef1c tuy\u1ebfn. N\u1ec1n t\u1ea3ng n\u00e0y tu\u00e2n th\u1ee7 c\u00e1c ti\u00eau chu\u1ea9n b\u1ea3o m\u1eadt v\u00e0 ki\u1ec3m so\u00e1t nghi\u00eam ng\u1eb7t nh\u1eb1m \u0111\u1ea3m b\u1ea3o quy\u1ec1n l\u1ee3i cho ng\u01b0\u1eddi ch\u01a1i.<\/span><\/p>\n<h3><b>L\u1ecbch s\u1eed h\u00ecnh th\u00e0nh c\u1ee7a Hitclub<\/b><\/h3>\n<p><span style=\"font-weight: 400;\">Ngay t\u1eeb khi ra m\u1eaft, Hitclub \u0111\u00e3 nhanh ch\u00f3ng x\u00e2y d\u1ef1ng \u0111\u01b0\u1ee3c uy t\u00edn nh\u1edd v\u00e0o s\u1ef1 minh b\u1ea1ch v\u00e0 h\u1ec7 th\u1ed1ng tr\u00f2 ch\u01a1i ch\u1ea5t l\u01b0\u1ee3ng. Tr\u1ea3i qua nhi\u1ec1u n\u0103m ph\u00e1t tri\u1ec3n, n\u1ec1n t\u1ea3ng n\u00e0y li\u00ean t\u1ee5c c\u1ea3i ti\u1ebfn \u0111\u1ec3 b\u1eaft k\u1ecbp xu h\u01b0\u1edbng v\u00e0 nhu c\u1ea7u c\u1ee7a ng\u01b0\u1eddi d\u00f9ng hi\u1ec7n \u0111\u1ea1i.<\/span><\/p>\n<h2><b>T\u1ed5ng h\u1ee3p chuy\u00ean m\u1ee5c gi\u1ea3i tr\u00ed c\u00f3 m\u1eb7t t\u1ea1i h\u1ec7 th\u1ed1ng Hitclub<\/b><\/h2>\n<p><span style=\"font-weight: 400;\">Hitclub mang \u0111\u1ebfn h\u1ec7 sinh th\u00e1i tr\u00f2 ch\u01a1i phong ph\u00fa, ph\u00f9 h\u1ee3p v\u1edbi nhi\u1ec1u \u0111\u1ed1i t\u01b0\u1ee3ng ng\u01b0\u1eddi ch\u01a1i kh\u00e1c nhau.<\/span><\/p>\n<h3><b>Th\u1ec3 thao tr\u1ef1c tuy\u1ebfn<\/b><\/h3>\n<p><span style=\"font-weight: 400;\">Ng\u01b0\u1eddi ch\u01a1i c\u00f3 th\u1ec3 tham gia c\u00e1 c\u01b0\u1ee3c th\u1ec3 thao v\u1edbi \u0111a d\u1ea1ng b\u1ed9 m\u00f4n nh\u01b0 b\u00f3ng \u0111\u00e1, b\u00f3ng r\u1ed5, tennis\u2026 T\u1ef7 l\u1ec7 k\u00e8o \u0111\u01b0\u1ee3c c\u1eadp nh\u1eadt li\u00ean t\u1ee5c, mang l\u1ea1i tr\u1ea3i nghi\u1ec7m ch\u00e2n th\u1ef1c.<\/span><\/p>\n<h3><b>S\u00f2ng b\u1ea1c tr\u1ef1c tuy\u1ebfn<\/b><\/h3>\n<p><span style=\"font-weight: 400;\">Casino t\u1ea1i Hitclub t\u00e1i hi\u1ec7n kh\u00f4ng gian s\u00f2ng b\u1ea1c chuy\u00ean nghi\u1ec7p v\u1edbi c\u00e1c tr\u00f2 ch\u01a1i ph\u1ed5 bi\u1ebfn nh\u01b0 baccarat, blackjack, roulette\u2026 c\u00f9ng dealer tr\u1ef1c ti\u1ebfp.<\/span><\/p>\n<h3><b>C\u00e1 c\u01b0\u1ee3c x\u1ed5 s\u1ed1 t\u1ea1i Hitclub<\/b><\/h3>\n<p><span style=\"font-weight: 400;\">X\u1ed5 s\u1ed1 tr\u1ef1c tuy\u1ebfn gi\u00fap ng\u01b0\u1eddi ch\u01a1i d\u1ec5 d\u00e0ng tham gia c\u00e1c h\u00ecnh th\u1ee9c d\u1ef1 \u0111o\u00e1n k\u1ebft qu\u1ea3 nhanh ch\u00f3ng, ti\u1ec7n l\u1ee3i v\u1edbi t\u1ef7 l\u1ec7 th\u01b0\u1edfng h\u1ea5p d\u1eabn.<\/span><\/p>\n<h3><b>B\u1eafn c\u00e1 3D<\/b><\/h3>\n<p><span style=\"font-weight: 400;\">Game b\u1eafn c\u00e1 t\u1ea1i Hitclub s\u1edf h\u1eefu \u0111\u1ed3 h\u1ecda s\u1ed1ng \u0111\u1ed9ng, l\u1ed1i ch\u01a1i \u0111\u01a1n gi\u1ea3n nh\u01b0ng \u0111\u1ea7y cu\u1ed1n h\u00fat, ph\u00f9 h\u1ee3p \u0111\u1ec3 gi\u1ea3i tr\u00ed v\u00e0 s\u0103n th\u01b0\u1edfng.<\/span><\/p>\n<h2><b>T\u1ed5ng h\u1ee3p c\u00e1c \u0111i\u1ec3m nh\u1ea5n \u0111\u00e3 t\u1ea1o n\u00ean s\u1ef1 th\u00e0nh c\u00f4ng cho hitclub.com<\/b><\/h2>\n<h3><b>CSKH \u0111\u1ec9nh cao<\/b><\/h3>\n<p><span style=\"font-weight: 400;\">Hitclub cung c\u1ea5p d\u1ecbch v\u1ee5 ch\u0103m s\u00f3c kh\u00e1ch h\u00e0ng 24\/7, h\u1ed7 tr\u1ee3 nhanh ch\u00f3ng qua nhi\u1ec1u k\u00eanh kh\u00e1c nhau, \u0111\u1ea3m b\u1ea3o gi\u1ea3i quy\u1ebft m\u1ecdi v\u1ea5n \u0111\u1ec1 k\u1ecbp th\u1eddi.<\/span><\/p>\n<h3><b>Giao di\u1ec7n \u0111\u1eb3ng c\u1ea5p<\/b><\/h3>\n<p><span style=\"font-weight: 400;\">Thi\u1ebft k\u1ebf giao di\u1ec7n th\u00e2n thi\u1ec7n, d\u1ec5 s\u1eed d\u1ee5ng tr\u00ean c\u1ea3 m\u00e1y t\u00ednh v\u00e0 \u0111i\u1ec7n tho\u1ea1i, gi\u00fap ng\u01b0\u1eddi ch\u01a1i thao t\u00e1c nhanh ch\u00f3ng m\u00e0 kh\u00f4ng g\u1eb7p kh\u00f3 kh\u0103n.<\/span><\/p>\n<h3><b>\u01afu \u0111\u00e3i si\u00eau kh\u1ee7ng<\/b><\/h3>\n<p><span style=\"font-weight: 400;\">N\u1ec1n t\u1ea3ng th\u01b0\u1eddng xuy\u00ean tri\u1ec3n khai c\u00e1c ch\u01b0\u01a1ng tr\u00ecnh khuy\u1ebfn m\u00e3i h\u1ea5p d\u1eabn nh\u01b0 th\u01b0\u1edfng ch\u00e0o m\u1eebng, ho\u00e0n tr\u1ea3, \u01b0u \u0111\u00e3i n\u1ea1p ti\u1ec1n\u2026<\/span><\/p>\n<h3><b>\u0110a d\u1ea1ng s\u1ea3n ph\u1ea9m gi\u1ea3i tr\u00ed<\/b><\/h3>\n<p><span style=\"font-weight: 400;\">Kho game phong ph\u00fa, li\u00ean t\u1ee5c c\u1eadp nh\u1eadt c\u00e1c tr\u00f2 ch\u01a1i m\u1edbi gi\u00fap ng\u01b0\u1eddi ch\u01a1i lu\u00f4n c\u00f3 tr\u1ea3i nghi\u1ec7m m\u1edbi m\u1ebb.<\/span><\/p>\n<h3><b>B\u1ea3o m\u1eadt hi\u1ec7n \u0111\u1ea1i<\/b><\/h3>\n<p><span style=\"font-weight: 400;\">Hitclub \u00e1p d\u1ee5ng c\u00f4ng ngh\u1ec7 m\u00e3 h\u00f3a ti\u00ean ti\u1ebfn nh\u1eb1m b\u1ea3o v\u1ec7 th\u00f4ng tin c\u00e1 nh\u00e2n v\u00e0 giao d\u1ecbch c\u1ee7a ng\u01b0\u1eddi d\u00f9ng m\u1ed9t c\u00e1ch t\u1ed1i \u0111a.<\/span><\/p>\n<h2><b>Chia s\u1ebb to\u00e0n b\u1ed9 c\u00e1c thao t\u00e1c \u0111\u0103ng k\u00fd v\u00e0 \u0111\u0103ng nh\u1eadp t\u1ea1i nh\u00e0 c\u00e1i Hitclub<\/b><\/h2>\n<h3><b>\u0110\u0103ng k\u00fd Hitclub<\/b><\/h3>\n<p><span style=\"font-weight: 400;\">Quy tr\u00ecnh \u0111\u0103ng k\u00fd t\u1ea1i Hitclub r\u1ea5t \u0111\u01a1n gi\u1ea3n:<\/span><\/p>\n<ul>\n<li style=\"font-weight: 400;\" aria-level=\"1\"><span style=\"font-weight: 400;\">Truy c\u1eadp link ch\u00ednh th\u1ee9c<\/span><\/li>\n<li style=\"font-weight: 400;\" aria-level=\"1\"><span style=\"font-weight: 400;\">Nh\u1ea5n v\u00e0o m\u1ee5c \u0111\u0103ng k\u00fd<\/span><\/li>\n<li style=\"font-weight: 400;\" aria-level=\"1\"><span style=\"font-weight: 400;\">\u0110i\u1ec1n \u0111\u1ea7y \u0111\u1ee7 th\u00f4ng tin c\u00e1 nh\u00e2n<\/span><\/li>\n<li style=\"font-weight: 400;\" aria-level=\"1\"><span style=\"font-weight: 400;\">X\u00e1c nh\u1eadn t\u00e0i kho\u1ea3n<\/span><\/li>\n<\/ul>\n<p><span style=\"font-weight: 400;\">Ch\u1ec9 m\u1ea5t v\u00e0i ph\u00fat l\u00e0 b\u1ea1n \u0111\u00e3 c\u00f3 th\u1ec3 b\u1eaft \u0111\u1ea7u tr\u1ea3i nghi\u1ec7m.<\/span><\/p>\n<h3><b>\u0110\u0103ng nh\u1eadp Hitclub<\/b><\/h3>\n<ul>\n<li style=\"font-weight: 400;\" aria-level=\"1\"><span style=\"font-weight: 400;\">Nh\u1eadp t\u00ean \u0111\u0103ng nh\u1eadp v\u00e0 m\u1eadt kh\u1ea9u<\/span><\/li>\n<li style=\"font-weight: 400;\" aria-level=\"1\"><span style=\"font-weight: 400;\">X\u00e1c nh\u1eadn \u0111\u0103ng nh\u1eadp<\/span><\/li>\n<\/ul>\n<p><span style=\"font-weight: 400;\">H\u1ec7 th\u1ed1ng s\u1ebd t\u1ef1 \u0111\u1ed9ng chuy\u1ec3n \u0111\u1ebfn giao di\u1ec7n ch\u00ednh.<\/span><\/p>\n<h3><b>H\u01b0\u1edbng d\u1eabn c\u00e1c b\u01b0\u1edbc t\u1ea3i \u1ee9ng d\u1ee5ng Hitclub nhanh ch\u00f3ng<\/b><\/h3>\n<p><span style=\"font-weight: 400;\">Hitclub h\u1ed7 tr\u1ee3 \u1ee9ng d\u1ee5ng tr\u00ean nhi\u1ec1u n\u1ec1n t\u1ea3ng:<\/span><\/p>\n<ul>\n<li style=\"font-weight: 400;\" aria-level=\"1\"><span style=\"font-weight: 400;\">Truy c\u1eadp website ch\u00ednh<\/span><\/li>\n<li style=\"font-weight: 400;\" aria-level=\"1\"><span style=\"font-weight: 400;\">Ch\u1ecdn t\u1ea3i app ph\u00f9 h\u1ee3p (Android\/iOS)<\/span><\/li>\n<li style=\"font-weight: 400;\" aria-level=\"1\"><span style=\"font-weight: 400;\">C\u00e0i \u0111\u1eb7t v\u00e0 \u0111\u0103ng nh\u1eadp<\/span><\/li>\n<\/ul>\n<p><span style=\"font-weight: 400;\">\u1ee8ng d\u1ee5ng gi\u00fap t\u1ed1i \u01b0u tr\u1ea3i nghi\u1ec7m m\u01b0\u1ee3t m\u00e0 h\u01a1n so v\u1edbi tr\u00ecnh duy\u1ec7t.<\/span><\/p>\n<h2><b>T\u1ed5ng h\u1ee3p c\u00e1c c\u00e2u h\u1ecfi th\u01b0\u1eddng g\u1eb7p khi c\u00e1 c\u01b0\u1ee3c t\u1ea1i Hitclub<\/b><\/h2>\n<h3><b>Hitclub c\u00f3 ph\u1ea3i l\u00e0 m\u1ed9t \u0111\u01a1n v\u1ecb l\u1eeba \u0111\u1ea3o?<\/b><\/h3>\n<p><span style=\"font-weight: 400;\"><a href=\"https:\/\/taihitclub.moe\/\"><strong>Hitclub<\/strong><\/a> l\u00e0 n\u1ec1n t\u1ea3ng uy t\u00edn, ho\u1ea1t \u0111\u1ed9ng minh b\u1ea1ch v\u00e0 \u0111\u01b0\u1ee3c nhi\u1ec1u ng\u01b0\u1eddi ch\u01a1i \u0111\u00e1nh gi\u00e1 cao. H\u1ec7 th\u1ed1ng lu\u00f4n \u0111\u1ea3m b\u1ea3o quy\u1ec1n l\u1ee3i v\u00e0 b\u1ea3o m\u1eadt th\u00f4ng tin kh\u00e1ch h\u00e0ng.<\/span><\/p>\n<h3><b>L\u00e0m th\u1ebf n\u00e0o \u0111\u1ec3 t\u00f4i c\u00f3 th\u1ec3 li\u00ean h\u1ec7 \u0111\u1ebfn nh\u00e0 c\u00e1i Hitclub?<\/b><\/h3>\n<p><span style=\"font-weight: 400;\">Ng\u01b0\u1eddi ch\u01a1i c\u00f3 th\u1ec3 li\u00ean h\u1ec7 qua:<\/span><\/p>\n<ul>\n<li style=\"font-weight: 400;\" aria-level=\"1\"><span style=\"font-weight: 400;\">Live chat tr\u1ef1c tuy\u1ebfn<\/span><\/li>\n<li style=\"font-weight: 400;\" aria-level=\"1\"><span style=\"font-weight: 400;\">Email h\u1ed7 tr\u1ee3<\/span><\/li>\n<li style=\"font-weight: 400;\" aria-level=\"1\"><span style=\"font-weight: 400;\">Hotline<\/span><\/li>\n<\/ul>\n<p><span style=\"font-weight: 400;\">T\u1ea5t c\u1ea3 \u0111\u1ec1u \u0111\u01b0\u1ee3c ph\u1ea3n h\u1ed3i nhanh ch\u00f3ng.<\/span><\/p>\n<h3><b>Qu\u00ean m\u1eadt kh\u1ea9u truy c\u1eadp v\u00e0o nh\u00e0 c\u00e1i Hitclub th\u00ec l\u00e0m th\u1ebf n\u00e0o?<\/b><\/h3>\n<p><span style=\"font-weight: 400;\">B\u1ea1n ch\u1ec9 c\u1ea7n:<\/span><\/p>\n<ul>\n<li style=\"font-weight: 400;\" aria-level=\"1\"><span style=\"font-weight: 400;\">Nh\u1ea5n \u201cQu\u00ean m\u1eadt kh\u1ea9u\u201d<\/span><\/li>\n<li style=\"font-weight: 400;\" aria-level=\"1\"><span style=\"font-weight: 400;\">Nh\u1eadp th\u00f4ng tin t\u00e0i kho\u1ea3n<\/span><\/li>\n<li style=\"font-weight: 400;\" aria-level=\"1\"><span style=\"font-weight: 400;\">L\u00e0m theo h\u01b0\u1edbng d\u1eabn \u0111\u1ec3 \u0111\u1eb7t l\u1ea1i m\u1eadt kh\u1ea9u m\u1edbi<\/span><\/li>\n<\/ul>\n<h2><b>L\u1eddi k\u1ebft<\/b><\/h2>\n<p><span style=\"font-weight: 400;\">Hitclub l\u00e0 l\u1ef1a ch\u1ecdn \u0111\u00e1ng c\u00e2n nh\u1eafc cho nh\u1eefng ai \u0111ang t\u00ecm ki\u1ebfm m\u1ed9t n\u1ec1n t\u1ea3ng gi\u1ea3i tr\u00ed tr\u1ef1c tuy\u1ebfn uy t\u00edn, \u0111a d\u1ea1ng v\u00e0 an to\u00e0n trong n\u0103m 2026. V\u1edbi nh\u1eefng \u01b0u \u0111i\u1ec3m n\u1ed5i b\u1eadt v\u1ec1 d\u1ecbch v\u1ee5, s\u1ea3n ph\u1ea9m v\u00e0 b\u1ea3o m\u1eadt, Hitclub h\u1ee9a h\u1eb9n mang \u0111\u1ebfn tr\u1ea3i nghi\u1ec7m tr\u1ecdn v\u1eb9n cho ng\u01b0\u1eddi ch\u01a1i.<\/span><\/p>\n\n\t\t<\/div>\n\t\t\t\t\t<\/div>\n\n\t\n\n<\/div>\n\n\t\t<\/div>\n\n\t\t\n<style>\n#section_615534687 {\n  padding-top: 30px;\n  padding-bottom: 30px;\n}\n<\/style>\n\t<\/section>\n\t\n\n","protected":false},"excerpt":{"rendered":"","protected":false},"author":1,"featured_media":0,"parent":0,"menu_order":0,"comment_status":"closed","ping_status":"open","template":"","meta":{"footnotes":""},"class_list":["post-2","page","type-page","status-publish","hentry"],"_links":{"self":[{"href":"https:\/\/taihitclub.moe\/index.php?rest_route=\/wp\/v2\/pages\/2","targetHints":{"allow":["GET"]}}],"collection":[{"href":"https:\/\/taihitclub.moe\/index.php?rest_route=\/wp\/v2\/pages"}],"about":[{"href":"https:\/\/taihitclub.moe\/index.php?rest_route=\/wp\/v2\/types\/page"}],"author":[{"embeddable":true,"href":"https:\/\/taihitclub.moe\/index.php?rest_route=\/wp\/v2\/users\/1"}],"replies":[{"embeddable":true,"href":"https:\/\/taihitclub.moe\/index.php?rest_route=%2Fwp%2Fv2%2Fcomments&post=2"}],"version-history":[{"count":2,"href":"https:\/\/taihitclub.moe\/index.php?rest_route=\/wp\/v2\/pages\/2\/revisions"}],"predecessor-version":[{"id":11,"href":"https:\/\/taihitclub.moe\/index.php?rest_route=\/wp\/v2\/pages\/2\/revisions\/11"}],"wp:attachment":[{"href":"https:\/\/taihitclub.moe\/index.php?rest_route=%2Fwp%2Fv2%2Fmedia&parent=2"}],"curies":[{"name":"wp","href":"https:\/\/api.w.org\/{rel}","templated":true}]}}